{"id":11,"date":"2025-04-09T09:27:30","date_gmt":"2025-04-09T09:27:30","guid":{"rendered":"https:\/\/tienda.enterprofcloud.com\/?page_id=11"},"modified":"2025-04-09T09:37:18","modified_gmt":"2025-04-09T09:37:18","slug":"reembolso_devoluciones","status":"publish","type":"page","link":"https:\/\/tienda.enterprofcloud.com\/index.php\/reembolso_devoluciones\/","title":{"rendered":"Pol\u00edtica de devoluciones y reembolso"},"content":{"rendered":"<h2 class=\"wp-block-heading\">Informaci\u00f3n<\/h2><p>          PROPIEDAD DEL SITIO WEB<br>          Responsable: Tom\u00e1s Aguado Garc\u00eda &#8211; NIF\/DNI 71931935X<br>          Direcci\u00f3n:     Calle Ines Moro 22. 34003, Palencia (Palencia), Espa\u00f1a<br>          Contacto:    Tel. 979692905 &#8211; Email: informacion@enterprofcloud.com<br>          Actividad:    Servicios inform\u00e1ticos<\/p><p>          M\u00e1s detalles en la p\u00e1gina principal http:\/\/www.enterprofcloud.com<\/p><h2 class=\"wp-block-heading\">Tasas<\/h2><p>We only replace items if they are defective or damaged. If you need to exchange it for the same item, send us an email at {email address} and send your item to: {physical address}.<\/p><h2 class=\"wp-block-heading\">Env\u00edos<\/h2><p>No procede env\u00edo al tratarse de prestaci\u00f3n de servicios, se entender\u00e1 entregado cuando se produzca el inicio del trabajo y\/o uso del software contratado.<\/p><p><\/p><h2 class=\"wp-block-heading\">Cancelaci\u00f3n, Devoluciones y Reembolsos<\/h2><p class=\"has-text-align-left\">La cancelaci\u00f3n y devoluci\u00f3n de la compra del servicio podr\u00e1 ser gestionada siempre que no se realizara el inicio del servicio y\/o uso del software contratado, en caso de haberse producido el inicio del trabajo \/ uso no se devolver\u00e1 el importe abonado en la compra ni total ni parcialmente. Dispone de un plazo no superior a 15 d\u00edas para el uso del trabajo contratado, de no hacer uso del mismo el importe ser\u00e1 devuelto. La devoluci\u00f3n del importe se realizar\u00e1 en la misma forma de pago en la que se hizo la compra.<\/p><p><\/p>","protected":false},"excerpt":{"rendered":"<p>Informaci\u00f3n PROPIEDAD DEL SITIO WEB Responsable: Tom\u00e1s Aguado Garc\u00eda &#8211; NIF\/DNI 71931935X Direcci\u00f3n: Calle Ines Moro 22. 34003, Palencia (Palencia), Espa\u00f1a Contacto: Tel. 979692905 &#8211; Email: informacion@enterprofcloud.com Actividad: Servicios inform\u00e1ticos M\u00e1s detalles en la p\u00e1gina principal http:\/\/www.enterprofcloud.com Tasas We only replace items if they are defective or damaged. If you need to exchange it for &hellip; <a href=\"https:\/\/tienda.enterprofcloud.com\/index.php\/reembolso_devoluciones\/\" class=\"more-link\">Continue reading<span class=\"screen-reader-text\"> \u00abPol\u00edtica de devoluciones y reembolso\u00bb<\/span><\/a><\/p>\n","protected":false},"author":1,"featured_media":0,"parent":0,"menu_order":0,"comment_status":"closed","ping_status":"closed","template":"","meta":{"footnotes":""},"class_list":["post-11","page","type-page","status-publish","hentry"],"_links":{"self":[{"href":"https:\/\/tienda.enterprofcloud.com\/index.php\/wp-json\/wp\/v2\/pages\/11","targetHints":{"allow":["GET"]}}],"collection":[{"href":"https:\/\/tienda.enterprofcloud.com\/index.php\/wp-json\/wp\/v2\/pages"}],"about":[{"href":"https:\/\/tienda.enterprofcloud.com\/index.php\/wp-json\/wp\/v2\/types\/page"}],"author":[{"embeddable":true,"href":"https:\/\/tienda.enterprofcloud.com\/index.php\/wp-json\/wp\/v2\/users\/1"}],"replies":[{"embeddable":true,"href":"https:\/\/tienda.enterprofcloud.com\/index.php\/wp-json\/wp\/v2\/comments?post=11"}],"version-history":[{"count":3,"href":"https:\/\/tienda.enterprofcloud.com\/index.php\/wp-json\/wp\/v2\/pages\/11\/revisions"}],"predecessor-version":[{"id":35,"href":"https:\/\/tienda.enterprofcloud.com\/index.php\/wp-json\/wp\/v2\/pages\/11\/revisions\/35"}],"wp:attachment":[{"href":"https:\/\/tienda.enterprofcloud.com\/index.php\/wp-json\/wp\/v2\/media?parent=11"}],"curies":[{"name":"wp","href":"https:\/\/api.w.org\/{rel}","templated":true}]}}