{"id":14,"date":"2025-04-09T07:47:54","date_gmt":"2025-04-09T07:47:54","guid":{"rendered":"https:\/\/tienda.enterprofcloud.com\/?post_type=product&#038;p=14"},"modified":"2025-04-09T07:51:05","modified_gmt":"2025-04-09T07:51:05","slug":"resolucion-de-incidencias-remoto","status":"publish","type":"product","link":"https:\/\/tienda.enterprofcloud.com\/index.php\/producto\/resolucion-de-incidencias-remoto\/","title":{"rendered":"Resoluci\u00f3n de incidencias (remoto)"},"content":{"rendered":"<p>Resoluci\u00f3n de incidencias inform\u00e1ticas.<\/p>\n<p>Acceso remoto.<\/p>\n<p>Precio por primera la primera hora.<\/p>\n","protected":false},"excerpt":{"rendered":"<p>Resoluci\u00f3n de incidencias inform\u00e1ticas. Acceso remoto. Precio por primera la primera hora.<\/p>\n","protected":false},"featured_media":15,"comment_status":"open","ping_status":"closed","template":"","meta":[],"product_brand":[],"product_cat":[15],"product_tag":[],"class_list":{"0":"post-14","1":"product","2":"type-product","3":"status-publish","4":"has-post-thumbnail","6":"product_cat-sin-categorizar","8":"first","9":"instock","10":"shipping-taxable","11":"purchasable","12":"product-type-simple"},"_links":{"self":[{"href":"https:\/\/tienda.enterprofcloud.com\/index.php\/wp-json\/wp\/v2\/product\/14","targetHints":{"allow":["GET"]}}],"collection":[{"href":"https:\/\/tienda.enterprofcloud.com\/index.php\/wp-json\/wp\/v2\/product"}],"about":[{"href":"https:\/\/tienda.enterprofcloud.com\/index.php\/wp-json\/wp\/v2\/types\/product"}],"replies":[{"embeddable":true,"href":"https:\/\/tienda.enterprofcloud.com\/index.php\/wp-json\/wp\/v2\/comments?post=14"}],"wp:featuredmedia":[{"embeddable":true,"href":"https:\/\/tienda.enterprofcloud.com\/index.php\/wp-json\/wp\/v2\/media\/15"}],"wp:attachment":[{"href":"https:\/\/tienda.enterprofcloud.com\/index.php\/wp-json\/wp\/v2\/media?parent=14"}],"wp:term":[{"taxonomy":"product_brand","embeddable":true,"href":"https:\/\/tienda.enterprofcloud.com\/index.php\/wp-json\/wp\/v2\/product_brand?post=14"},{"taxonomy":"product_cat","embeddable":true,"href":"https:\/\/tienda.enterprofcloud.com\/index.php\/wp-json\/wp\/v2\/product_cat?post=14"},{"taxonomy":"product_tag","embeddable":true,"href":"https:\/\/tienda.enterprofcloud.com\/index.php\/wp-json\/wp\/v2\/product_tag?post=14"}],"curies":[{"name":"wp","href":"https:\/\/api.w.org\/{rel}","templated":true}]}}